                                                                                                                                                                                                                                                                                                                                                                                                                                         {"id":8568,"date":"2022-05-17T14:12:18","date_gmt":"2022-05-17T14:12:18","guid":{"rendered":"https:\/\/beongarden.com\/lojanova\/?post_type=product&#038;p=8568"},"modified":"2024-01-10T16:29:07","modified_gmt":"2024-01-10T16:29:07","slug":"guarda-sol-eolo-2x2","status":"publish","type":"product","link":"https:\/\/loja.beongarden.com\/es\/produto\/guarda-sol-eolo-2x2\/","title":{"rendered":"Guarda Sol &#8211; Eolo"},"content":{"rendered":"<div class=\"col-12 mb-4 col-xl-9\">\n<p>Confecionado com tecido OLEFIN fabricado com fio em polipropileno tingido em massa no seu processo inicial, esta caracter\u00edstica confere-lhe uma maior resist\u00eancia \u00e0 luz solar o que se deve essencialmente ao facto de a cor permanecer fixada ao fio com maior intensidade do que em outros processos de pigmenta\u00e7\u00e3o. Certifica\u00e7\u00e3o UV standard 801 com fator de prote\u00e7\u00e3o UPF 80, que garante a prote\u00e7\u00e3o da pele dos efeitos nocivos dos raios UV.<\/p>\n<p>Caracter\u00edsticas:<br \/>\n-Material: Alum\u00ednio lacado<br \/>\n-Abertura tipo push-up com sistema abre\/fecha e bot\u00e3o de bloqueio<br \/>\n&#8211; Com fuga ventos<br \/>\n-Repelente \u00e0 \u00e1gua<br \/>\n-Anti manchas<br \/>\n-100% recicl\u00e1vel<br \/>\n-Base n\u00e3o inclu\u00edda<br \/>\n-Muito f\u00e1cil de lavar e desinfetar<br \/>\n-Usar em superf\u00edcies est\u00e1veis e planas<br \/>\n-Produto de uso p\u00fablico e dom\u00e9stico<\/p>\n<p><strong>Valor do transporte sob consulta.<\/strong><\/p>\n<\/div>\n<div class=\"col-12\">\n<div class=\"row\">\n<div class=\"col-6 col-md-8\"><\/div>\n<\/div>\n<\/div>\n","protected":false},"excerpt":{"rendered":"<p>Consci\u00eancia ambiental, est\u00e9tica refinada e um bom funcionamento unem-se no guarda-sol EOLO. 100% recicl\u00e1vel<\/p>\n","protected":false},"featured_media":11747,"comment_status":"open","ping_status":"closed","template":"","meta":[],"product_cat":[78,73],"product_tag":[],"_links":{"self":[{"href":"https:\/\/loja.beongarden.com\/es\/wp-json\/wp\/v2\/product\/8568"}],"collection":[{"href":"https:\/\/loja.beongarden.com\/es\/wp-json\/wp\/v2\/product"}],"about":[{"href":"https:\/\/loja.beongarden.com\/es\/wp-json\/wp\/v2\/types\/product"}],"replies":[{"embeddable":true,"href":"https:\/\/loja.beongarden.com\/es\/wp-json\/wp\/v2\/comments?post=8568"}],"version-history":[{"count":6,"href":"https:\/\/loja.beongarden.com\/es\/wp-json\/wp\/v2\/product\/8568\/revisions"}],"predecessor-version":[{"id":11745,"href":"https:\/\/loja.beongarden.com\/es\/wp-json\/wp\/v2\/product\/8568\/revisions\/11745"}],"wp:featuredmedia":[{"embeddable":true,"href":"https:\/\/loja.beongarden.com\/es\/wp-json\/wp\/v2\/media\/11747"}],"wp:attachment":[{"href":"https:\/\/loja.beongarden.com\/es\/wp-json\/wp\/v2\/media?parent=8568"}],"wp:term":[{"taxonomy":"product_cat","embeddable":true,"href":"https:\/\/loja.beongarden.com\/es\/wp-json\/wp\/v2\/product_cat?post=8568"},{"taxonomy":"product_tag","embeddable":true,"href":"https:\/\/loja.beongarden.com\/es\/wp-json\/wp\/v2\/product_tag?post=8568"}],"curies":[{"name":"wp","href":"https:\/\/api.w.org\/{rel}","templated":true}]}}