                                                                                                                                                                                                                                                                                                                                                                                                                                         {"id":13493,"date":"2023-03-21T17:41:32","date_gmt":"2023-03-21T17:41:32","guid":{"rendered":"https:\/\/beongarden.com\/lojanova\/?post_type=product&#038;p=13493"},"modified":"2024-11-20T12:46:13","modified_gmt":"2024-11-20T12:46:13","slug":"piscina-tropic-octo-540","status":"publish","type":"product","link":"https:\/\/loja.beongarden.com\/es\/produto\/piscina-tropic-octo-540\/","title":{"rendered":"Piscina Tropic OCTO+ 540"},"content":{"rendered":"<p id=\"tw-target-text\" class=\"tw-data-text tw-text-large tw-ta\" dir=\"ltr\" data-placeholder=\"Tradu\u00e7\u00e3o\"><span class=\"Y2IQFc\" lang=\"pt\">Ideal para 2-3 pessoas<\/span><\/p>\n<p class=\"tw-data-text tw-text-large tw-ta\" dir=\"ltr\" data-placeholder=\"Tradu\u00e7\u00e3o\"><span class=\"Y2IQFc\" lang=\"pt\"><strong>Experi\u00eancia de piscina sustent\u00e1vel e certificada<\/strong><br \/>\n<\/span><span class=\"Y2IQFc\" lang=\"pt\">Usado apenas madeira proveniente de silvicultura sustent\u00e1vel. Borda resistente feita de abeto n\u00f3rdico, esta madeira caracteriza-se pela sua resist\u00eancia e robustez.<\/span><\/p>\n<p class=\"tw-data-text tw-text-large tw-ta\" dir=\"ltr\" data-placeholder=\"Tradu\u00e7\u00e3o\"><span class=\"Y2IQFc\" lang=\"pt\"><strong>Pacote de Garantia\u00a0<\/strong><\/span><span class=\"Y2IQFc\" lang=\"pt\"><strong>Premium<\/strong><br \/>\n<\/span><span class=\"Y2IQFc\" lang=\"pt\">-2 anos: na escada, lona e bomba de filtro<br \/>\n<\/span><span class=\"Y2IQFc\" lang=\"pt\">-5 anos: no filtro de areia<br \/>\n-10 anos: na parede da piscina e pe\u00e7as embutidas<br \/>\n<\/span><\/p>\n<p class=\"tw-data-text tw-text-large tw-ta\" dir=\"ltr\" data-placeholder=\"Tradu\u00e7\u00e3o\"><span class=\"Y2IQFc\" lang=\"pt\"><strong>F\u00e1cil montagem<\/strong><br \/>\nA piscina de madeira \u00e9 fornecida como um conjunto completo e pronta a instalar. Gra\u00e7as \u00e0 sua estrutura empilh\u00e1vel e interligada, \u00e9 particularmente f\u00e1cil de montar.\u00a0<\/span><\/p>\n<p dir=\"ltr\" data-placeholder=\"Tradu\u00e7\u00e3o\"><strong>Valor do transporte sob consulta.<\/strong><\/p>\n","protected":false},"excerpt":{"rendered":"<p>Piscina em madeira sustent\u00e1vel e resistente para uma sensa\u00e7\u00e3o de f\u00e9rias inesquec\u00edveis no seu jardim.<\/p>\n","protected":false},"featured_media":13497,"comment_status":"open","ping_status":"closed","template":"","meta":[],"product_cat":[76],"product_tag":[],"_links":{"self":[{"href":"https:\/\/loja.beongarden.com\/es\/wp-json\/wp\/v2\/product\/13493"}],"collection":[{"href":"https:\/\/loja.beongarden.com\/es\/wp-json\/wp\/v2\/product"}],"about":[{"href":"https:\/\/loja.beongarden.com\/es\/wp-json\/wp\/v2\/types\/product"}],"replies":[{"embeddable":true,"href":"https:\/\/loja.beongarden.com\/es\/wp-json\/wp\/v2\/comments?post=13493"}],"version-history":[{"count":1,"href":"https:\/\/loja.beongarden.com\/es\/wp-json\/wp\/v2\/product\/13493\/revisions"}],"predecessor-version":[{"id":13509,"href":"https:\/\/loja.beongarden.com\/es\/wp-json\/wp\/v2\/product\/13493\/revisions\/13509"}],"wp:featuredmedia":[{"embeddable":true,"href":"https:\/\/loja.beongarden.com\/es\/wp-json\/wp\/v2\/media\/13497"}],"wp:attachment":[{"href":"https:\/\/loja.beongarden.com\/es\/wp-json\/wp\/v2\/media?parent=13493"}],"wp:term":[{"taxonomy":"product_cat","embeddable":true,"href":"https:\/\/loja.beongarden.com\/es\/wp-json\/wp\/v2\/product_cat?post=13493"},{"taxonomy":"product_tag","embeddable":true,"href":"https:\/\/loja.beongarden.com\/es\/wp-json\/wp\/v2\/product_tag?post=13493"}],"curies":[{"name":"wp","href":"https:\/\/api.w.org\/{rel}","templated":true}]}}