                                                                                                                                                                                                                                                                                                                                                                                                                                         {"id":11040,"date":"2023-02-24T16:06:54","date_gmt":"2023-02-24T16:06:54","guid":{"rendered":"https:\/\/beongarden.com\/lojanova\/produto\/origami-cesped-artificial\/"},"modified":"2023-03-01T12:07:10","modified_gmt":"2023-03-01T12:07:10","slug":"origami-relva-artificial","status":"publish","type":"product","link":"https:\/\/loja.beongarden.com\/es\/produto\/origami-relva-artificial\/","title":{"rendered":"Origami C\u00e9sped Artificial"},"content":{"rendered":"<p>En el dise\u00f1o del nuevo c\u00e9sped Origami se ha cuidado hasta el m\u00e1s m\u00ednimo detalle con la idea de crear el c\u00e9sped artificial \u201cperfecto\u201d. Para ello, se ha recurrido a una innovadora fibra compuesta por hilos rectos c\u00f3ncavos en \u201cC\u201d que adem\u00e1s incluyen microestr\u00edas a dos caras en su extrusi\u00f3n.<br \/>\nEste peque\u00f1o detalle \u201cmicrosc\u00f3pico\u201d, de gran complejidad t\u00e9cnica en la construcci\u00f3n del nuevo cabezal de extrusi\u00f3n, genera dos grandes avances en la fibra resultante.<\/p>\n<ul>\n<li>Las nuevas \u201cmicroestr\u00edas\u201d reducen a\u00fan m\u00e1s los reflejos y brillos de la fibra (que ya se estaban rebajados tanto por la secci\u00f3n c\u00f3ncava del hilo como por el tratamiento mate en su composici\u00f3n) para as\u00ed hacer un c\u00e9sped artificial m\u00e1s natural y realista.<\/li>\n<li>Las \u201cmicroestr\u00edas\u201d refuerzan la estructura del hilo, favoreciendo su \u201cefecto memoria\u201d a la pisada, consiguiendo as\u00ed un\u00a0c\u00e9sped artificial resistente.<strong>\u200b<\/strong><\/li>\n<\/ul>\n<p>&nbsp;<\/p>\n<p>&nbsp;<\/p>\n","protected":false},"excerpt":{"rendered":"<p>El c\u00e9sped Origami es sencillamente extraordinario, virtuoso en todas sus cualidades t\u00e9cnicas y est\u00e9ticas. Es un producto sublime, es \u201cmagia\u201d para tu jard\u00edn.<\/p>\n","protected":false},"featured_media":10979,"comment_status":"open","ping_status":"closed","template":"","meta":[],"product_cat":[99],"product_tag":[],"_links":{"self":[{"href":"https:\/\/loja.beongarden.com\/es\/wp-json\/wp\/v2\/product\/11040"}],"collection":[{"href":"https:\/\/loja.beongarden.com\/es\/wp-json\/wp\/v2\/product"}],"about":[{"href":"https:\/\/loja.beongarden.com\/es\/wp-json\/wp\/v2\/types\/product"}],"replies":[{"embeddable":true,"href":"https:\/\/loja.beongarden.com\/es\/wp-json\/wp\/v2\/comments?post=11040"}],"version-history":[{"count":1,"href":"https:\/\/loja.beongarden.com\/es\/wp-json\/wp\/v2\/product\/11040\/revisions"}],"predecessor-version":[{"id":11041,"href":"https:\/\/loja.beongarden.com\/es\/wp-json\/wp\/v2\/product\/11040\/revisions\/11041"}],"wp:featuredmedia":[{"embeddable":true,"href":"https:\/\/loja.beongarden.com\/es\/wp-json\/wp\/v2\/media\/10979"}],"wp:attachment":[{"href":"https:\/\/loja.beongarden.com\/es\/wp-json\/wp\/v2\/media?parent=11040"}],"wp:term":[{"taxonomy":"product_cat","embeddable":true,"href":"https:\/\/loja.beongarden.com\/es\/wp-json\/wp\/v2\/product_cat?post=11040"},{"taxonomy":"product_tag","embeddable":true,"href":"https:\/\/loja.beongarden.com\/es\/wp-json\/wp\/v2\/product_tag?post=11040"}],"curies":[{"name":"wp","href":"https:\/\/api.w.org\/{rel}","templated":true}]}}