                                                                                                                                                                                                                                                                                                                                                                                                                                         {"id":11020,"date":"2023-02-23T18:21:07","date_gmt":"2023-02-23T18:21:07","guid":{"rendered":"https:\/\/beongarden.com\/lojanova\/produto\/madrid-cesped-artificial\/"},"modified":"2023-03-01T11:33:15","modified_gmt":"2023-03-01T11:33:15","slug":"madrid-relva-artificial","status":"publish","type":"product","link":"https:\/\/loja.beongarden.com\/es\/produto\/madrid-relva-artificial\/","title":{"rendered":"Madrid C\u00e9sped Artificial"},"content":{"rendered":"<p>El c\u00e9sped artificial Madrid cuenta con 6 tonos de color en sus fibras, para las cuales se ha recurrido a micromonofilamentos de \u00faltima generaci\u00f3n, producidos en una de las extrusiones m\u00e1s avanzadas en la actualidad.<br \/>\nLos hilos rectos son c\u00f3ncavos en \u201cC\u201d abierta a la que se le ha a\u00f1adido microestr\u00edas en ambas caras. Increible pero cierto.<br \/>\nEsta evoluci\u00f3n tanto en el pol\u00edmero de origen como en la secci\u00f3n creada consigue un c\u00e9sped tremendamente suave, sin brillo gracias a las\u201d microestr\u00edas\u201d que rompen el reflejo de la luz y con una buena recuperaci\u00f3n gracias a la forma en \u201cC\u201d de los filamentos y su alta densidad .<br \/>\nEl c\u00e9sped artificial MADRID es un producto extraordinario, configurado en una altura de hilo recto de 35 mm, una elevada densidad que supera las 23.000 puntadas\/m2 y un peso de fibra superior a 1.400 gr\/m2.<\/p>\n<p>&nbsp;<\/p>\n","protected":false},"excerpt":{"rendered":"<p>El nuevo c\u00e9sped artificial Madrid a\u00fana todas las virtudes y ultimas evoluciones que se pueden pedir a todo c\u00e9sped artificial de alta gama, pero a un precio tremendamente contenido, condici\u00f3n que le hace \u00fanico en su posicionamiento de mercado<\/p>\n<p>&nbsp;<\/p>\n","protected":false},"featured_media":10969,"comment_status":"open","ping_status":"closed","template":"","meta":[],"product_cat":[99],"product_tag":[],"_links":{"self":[{"href":"https:\/\/loja.beongarden.com\/es\/wp-json\/wp\/v2\/product\/11020"}],"collection":[{"href":"https:\/\/loja.beongarden.com\/es\/wp-json\/wp\/v2\/product"}],"about":[{"href":"https:\/\/loja.beongarden.com\/es\/wp-json\/wp\/v2\/types\/product"}],"replies":[{"embeddable":true,"href":"https:\/\/loja.beongarden.com\/es\/wp-json\/wp\/v2\/comments?post=11020"}],"version-history":[{"count":3,"href":"https:\/\/loja.beongarden.com\/es\/wp-json\/wp\/v2\/product\/11020\/revisions"}],"predecessor-version":[{"id":11035,"href":"https:\/\/loja.beongarden.com\/es\/wp-json\/wp\/v2\/product\/11020\/revisions\/11035"}],"wp:featuredmedia":[{"embeddable":true,"href":"https:\/\/loja.beongarden.com\/es\/wp-json\/wp\/v2\/media\/10969"}],"wp:attachment":[{"href":"https:\/\/loja.beongarden.com\/es\/wp-json\/wp\/v2\/media?parent=11020"}],"wp:term":[{"taxonomy":"product_cat","embeddable":true,"href":"https:\/\/loja.beongarden.com\/es\/wp-json\/wp\/v2\/product_cat?post=11020"},{"taxonomy":"product_tag","embeddable":true,"href":"https:\/\/loja.beongarden.com\/es\/wp-json\/wp\/v2\/product_tag?post=11020"}],"curies":[{"name":"wp","href":"https:\/\/api.w.org\/{rel}","templated":true}]}}