                                                                                                                                                                                                                                                                                                                                                                                                                                         {"id":11004,"date":"2023-03-01T10:17:52","date_gmt":"2023-03-01T10:17:52","guid":{"rendered":"https:\/\/beongarden.com\/lojanova\/produto\/victoria-cesped-artificial\/"},"modified":"2023-03-01T11:31:29","modified_gmt":"2023-03-01T11:31:29","slug":"victoria-relva-artificial","status":"publish","type":"product","link":"https:\/\/loja.beongarden.com\/es\/produto\/victoria-relva-artificial\/","title":{"rendered":"Victoria C\u00e9sped Artifical"},"content":{"rendered":"<p>El modelo Victoria est\u00e1 confeccionado con la fibra m\u00e1s vanguardista de &#8220;Tencate&#8221;, compuesta por filamentos de secci\u00f3n en \u201cmicroestr\u00edas\u201d: partiendo de un hilo de secci\u00f3n plana, se realizan surcos en su superficie, lo que confiere al producto un acabado totalmente mate y sin brillos antinaturales (ecnolog\u00eda MINT) adem\u00e1s de reforzar su resiliencia.<\/p>\n<p>As\u00ed mismo, las fibras rizadas de su ra\u00edz son h\u00edbridas (mezcla de polietileno y polipropileno), para de este modo conseguir un modelo de la m\u00e1xima suavidad, actuando todas las fibras, rectas y rizadas, como un mismo cuerpo homog\u00e9neo, en el que todos los filamentos se entrelazan sin diferencia de texturas.<\/p>\n<p>&nbsp;<\/p>\n<pre id=\"tw-target-text\" class=\"tw-data-text tw-text-large tw-ta\" dir=\"ltr\" data-placeholder=\"Tradu\u00e7\u00e3o\"><\/pre>\n","protected":false},"excerpt":{"rendered":"<p>Victoria siempre ha respondido a la premisa de ser el c\u00e9sped t\u00e9cnicamente m\u00e1s avanzado del mercado, el modelo en el que concurran los \u00faltimos avances tecnol\u00f3gicos. El c\u00e9sped artificial que responde a los criterios m\u00e1s exigentes, siempre a la vanguardia del sector.<\/p>\n<p>&nbsp;<\/p>\n<p>&nbsp;<\/p>\n","protected":false},"featured_media":10994,"comment_status":"open","ping_status":"closed","template":"","meta":[],"product_cat":[99],"product_tag":[],"_links":{"self":[{"href":"https:\/\/loja.beongarden.com\/es\/wp-json\/wp\/v2\/product\/11004"}],"collection":[{"href":"https:\/\/loja.beongarden.com\/es\/wp-json\/wp\/v2\/product"}],"about":[{"href":"https:\/\/loja.beongarden.com\/es\/wp-json\/wp\/v2\/types\/product"}],"replies":[{"embeddable":true,"href":"https:\/\/loja.beongarden.com\/es\/wp-json\/wp\/v2\/comments?post=11004"}],"version-history":[{"count":2,"href":"https:\/\/loja.beongarden.com\/es\/wp-json\/wp\/v2\/product\/11004\/revisions"}],"predecessor-version":[{"id":11032,"href":"https:\/\/loja.beongarden.com\/es\/wp-json\/wp\/v2\/product\/11004\/revisions\/11032"}],"wp:featuredmedia":[{"embeddable":true,"href":"https:\/\/loja.beongarden.com\/es\/wp-json\/wp\/v2\/media\/10994"}],"wp:attachment":[{"href":"https:\/\/loja.beongarden.com\/es\/wp-json\/wp\/v2\/media?parent=11004"}],"wp:term":[{"taxonomy":"product_cat","embeddable":true,"href":"https:\/\/loja.beongarden.com\/es\/wp-json\/wp\/v2\/product_cat?post=11004"},{"taxonomy":"product_tag","embeddable":true,"href":"https:\/\/loja.beongarden.com\/es\/wp-json\/wp\/v2\/product_tag?post=11004"}],"curies":[{"name":"wp","href":"https:\/\/api.w.org\/{rel}","templated":true}]}}