                                                                                                                                                                                                                                                                                                                                                                                                                                         {"id":13758,"date":"2023-07-13T19:41:58","date_gmt":"2023-07-13T19:41:58","guid":{"rendered":"https:\/\/loja.beongarden.com\/solicitar-presupuesto\/"},"modified":"2023-07-20T14:00:20","modified_gmt":"2023-07-20T14:00:20","slug":"solicitar-presupuesto","status":"publish","type":"page","link":"https:\/\/loja.beongarden.com\/es\/solicitar-presupuesto\/","title":{"rendered":"Solicitar Presupuesto"},"content":{"rendered":"\n<div class=\"woocommerce ywraq-wrapper ywraq-empty\">\n\t\t\t<div id=\"yith-ywraq-message\"><div class=\"ywraq-question-message\">\n\t<\/div>\n<\/div>\n\t\t\n\t\t\t\t<div class=\"ywraq-form-table-wrapper vertical\">\n\t\t\t<div class=\"ywraq-before-form\">\n\t<p class=\"ywraq_list_empty_message\">Tu lista est\u00e1 vac\u00eda, a\u00f1ade productos a la lista para enviar una solicitud<p><p class=\"return-to-shop\"><a class=\"button wc-backward\" href=\"https:\/\/loja.beongarden.com\/es\/tienda\/\">Voltar a loja<\/a><\/p><\/div>\n\t\t\t\t\t<\/div>\n\t<\/div>\n\n","protected":false},"excerpt":{"rendered":"","protected":false},"author":1,"featured_media":0,"parent":0,"menu_order":0,"comment_status":"closed","ping_status":"closed","template":"elementor_header_footer","meta":[],"_links":{"self":[{"href":"https:\/\/loja.beongarden.com\/es\/wp-json\/wp\/v2\/pages\/13758"}],"collection":[{"href":"https:\/\/loja.beongarden.com\/es\/wp-json\/wp\/v2\/pages"}],"about":[{"href":"https:\/\/loja.beongarden.com\/es\/wp-json\/wp\/v2\/types\/page"}],"author":[{"embeddable":true,"href":"https:\/\/loja.beongarden.com\/es\/wp-json\/wp\/v2\/users\/1"}],"replies":[{"embeddable":true,"href":"https:\/\/loja.beongarden.com\/es\/wp-json\/wp\/v2\/comments?post=13758"}],"version-history":[{"count":1,"href":"https:\/\/loja.beongarden.com\/es\/wp-json\/wp\/v2\/pages\/13758\/revisions"}],"predecessor-version":[{"id":13759,"href":"https:\/\/loja.beongarden.com\/es\/wp-json\/wp\/v2\/pages\/13758\/revisions\/13759"}],"wp:attachment":[{"href":"https:\/\/loja.beongarden.com\/es\/wp-json\/wp\/v2\/media?parent=13758"}],"curies":[{"name":"wp","href":"https:\/\/api.w.org\/{rel}","templated":true}]}}